{"id":105,"date":"2013-06-05T09:59:54","date_gmt":"2013-06-05T09:59:54","guid":{"rendered":"http:\/\/sleepingbaby.de\/WordPress\/?page_id=105"},"modified":"2021-11-27T15:31:44","modified_gmt":"2021-11-27T15:31:44","slug":"uber-uns-wie-es-zu-diesem-produkt-kam","status":"publish","type":"page","link":"https:\/\/sleepingbaby.de\/WordPress\/uber-uns-wie-es-zu-diesem-produkt-kam","title":{"rendered":"\u00dcber uns \/ Wie es zu diesem Produkt kam"},"content":{"rendered":"<p>Wir sind eine Familie mit 3 Kindern, wohnhaft in der N\u00e4he von Z\u00fcrich. Auch beim gr\u00f6ssten Willen sein Baby auf den eigenen Armen zu beruhigen (eindeutig eine der besten, aber auf die Dauer auch anstrengendsten Methoden und in gewissen Situationen auch nicht praktikabel bzw. gef\u00e4hrlich), suchten wir nach einer preiswerten L\u00f6sung, welche unsere Muskeln und Gelenke zwischendurch entlastete. Die traditionellen L\u00f6sungen (klassische Wiegen, H\u00e4ngematten mit bzw. ohne Feder) waren uns zu teuer oder nahmen zuviel Platz weg in unserer Wohnung. Eines Tages kam uns beim Tragen des Autobabysitzes (&#8222;Maxi-Cosi&#8220;) mit der ersten Tochter die Idee: wir entwickelten, zuerst nur f\u00fcr unseren Eigengebrauch, eine Aufh\u00e4ngevorrichtung f\u00fcr unseren Autobabysitz. Die Kombination mit einer speziell entwickelten Stahlfeder kam unserer Vorstellung bzgl. Wirksamkeit, Sicherheit, Platzbedarf, Einfachheit und v.a. auch Kosten sehr nahe. Und so wurde die fertige Konstruktion (&#8222;sleepingbaby&#8220;) bei unserer zweiten Tochter ausgiebig und sehr erfolgreich eingesetzt. Unsere zweite Tochter war diagnostisch gesehen schon fast ein klassisches Schreibaby, und w\u00e4hrend gewissen Zeiten konnten wir nur dank unserer Konstruktion noch einige ruhige Minuten am Tag finden. Die hohe Wirksamkeit unserer Konstruktion erstaunte uns selbst, wir waren jedoch froh, dass es so gut wirkte und glaubten erst an einen gl\u00fccklichen Zufall&#8230;Auch bei unserer dritten Tochter &#8211; zu sehen auf den Videos &#8211; kam unsere Konstruktion ausgiebig zum Einsatz, auch wenn sie gl\u00fccklicherweise kein Schreibaby war.<\/p>\n<p>Als wir dann feststellten, dass sich auch die Babys unserer Freunde hervorragend damit beruhigen liessen, entschlossen wir uns, das Produkt auf den Markt zu bringen. Die Konzentration auf den Direktverkauf via Internet erm\u00f6glicht uns das Angebot zu einem \u00e4usserst attraktiven Preis, bei erstklassiger Qualit\u00e4t. Die Produktion wird eigenh\u00e4ndig von uns durchgef\u00fchrt und sorgf\u00e4ltig kontrolliert, s\u00e4mtliche Bestandteile werden bei Lieferanten in der Schweiz bezogen. Die speziell hergestellte Stahlfeder wird direkt in enger Zusammenarbeit mit einer spezialisierten Feder-Fabrik hergestellt.<\/p>\n<p>sleepingbaby.de m\u00f6chte seine Informationen und Produkte st\u00e4ndig auf h\u00f6chstm\u00f6glichen Qualit\u00e4tstandards halten. Daf\u00fcr sind wir auf Ihre Hilfe angewiesen: Gerne nehmen wir Ihre Feedbacks, seien sie positiv &#8211; weil es uns freut zu h\u00f6ren, wenn Ihnen unsere Website gef\u00e4llt &#8211; oder negativ &#8211; weil wir aus unseren Fehlern lernen m\u00f6chten und unsere Website sich st\u00e4ndig verbessern soll &#8211; unter folgender eMail-Adresse entgegen: <a href=\"mailto:info@sleepingbaby.de\">info@sleepingbaby.de<\/a>. Oder kontaktieren Sie uns einfach via <a href=\"http:\/\/sleepingbaby.de\/WordPress\/kontakt\">Kontakt-Formular<\/a>.<\/p>\n<p>Wir danken Ihnen f\u00fcr Ihr Interesse an unserem Produkt und unserer Webseite und hoffen, dass wir Sie bald zu unseren zufriedenen Kunden z\u00e4hlen d\u00fcrfen!<\/p>\n<p>Liebe Gr\u00fcsse<\/p>\n<p>Priska &amp; Florian Berger<\/p>\n","protected":false},"excerpt":{"rendered":"<p>Wir sind eine Familie mit 3 Kindern, wohnhaft in der N\u00e4he von Z\u00fcrich. Auch beim gr\u00f6ssten Willen sein Baby auf den eigenen Armen zu beruhigen (eindeutig eine der besten, aber auf die Dauer auch anstrengendsten Methoden und in gewissen Situationen auch nicht praktikabel bzw. gef\u00e4hrlich), suchten wir nach einer preiswerten L\u00f6sung, welche unsere Muskeln und [&hellip;]<\/p>\n","protected":false},"author":1,"featured_media":0,"parent":0,"menu_order":0,"comment_status":"closed","ping_status":"closed","template":"","meta":{"footnotes":""},"class_list":["post-105","page","type-page","status-publish","hentry"],"_links":{"self":[{"href":"https:\/\/sleepingbaby.de\/WordPress\/wp-json\/wp\/v2\/pages\/105","targetHints":{"allow":["GET"]}}],"collection":[{"href":"https:\/\/sleepingbaby.de\/WordPress\/wp-json\/wp\/v2\/pages"}],"about":[{"href":"https:\/\/sleepingbaby.de\/WordPress\/wp-json\/wp\/v2\/types\/page"}],"author":[{"embeddable":true,"href":"https:\/\/sleepingbaby.de\/WordPress\/wp-json\/wp\/v2\/users\/1"}],"replies":[{"embeddable":true,"href":"https:\/\/sleepingbaby.de\/WordPress\/wp-json\/wp\/v2\/comments?post=105"}],"version-history":[{"count":20,"href":"https:\/\/sleepingbaby.de\/WordPress\/wp-json\/wp\/v2\/pages\/105\/revisions"}],"predecessor-version":[{"id":925,"href":"https:\/\/sleepingbaby.de\/WordPress\/wp-json\/wp\/v2\/pages\/105\/revisions\/925"}],"wp:attachment":[{"href":"https:\/\/sleepingbaby.de\/WordPress\/wp-json\/wp\/v2\/media?parent=105"}],"curies":[{"name":"wp","href":"https:\/\/api.w.org\/{rel}","templated":true}]}}