{"id":106,"date":"2013-06-06T05:53:13","date_gmt":"2013-06-06T05:53:13","guid":{"rendered":"http:\/\/sleepingbaby.de\/WordPress\/?page_id=106"},"modified":"2021-11-27T15:34:21","modified_gmt":"2021-11-27T15:34:21","slug":"agb","status":"publish","type":"page","link":"https:\/\/sleepingbaby.de\/WordPress\/agb","title":{"rendered":"AGB"},"content":{"rendered":"<p><strong>Allgemeine Gesch\u00e4ftsbedingungen f\u00fcr Bestellungen aus der Europ\u00e4ischen Union (EU)<br \/>\n<\/strong><a href=\"#Lieferung\"><br \/>\ndirekt zu den Informationen bzgl. Lieferung<strong><br \/>\n<\/strong><\/a><strong><br \/>\n1. Zustandekommen des Vertrages<br \/>\n<\/strong>Vertr\u00e4ge auf diesem Portal k\u00f6nnen nur in deutscher Sprache geschlossen werden. Sie geben ein verbindliches Angebot bei sleepingbaby.de ab, wenn Sie den Online-Bestellprozess unter Eingabe der dort verlangten Angaben durchlaufen haben und abschliessen. Nachdem Sie Ihre Bestellung abgeschlossen haben, senden wir Ihnen eine eMail, die den Empfang Ihrer Bestellung bei uns best\u00e4tigt und deren Einzelheiten auff\u00fchrt (Empfangsbest\u00e4tigung). Diese Empfangsbest\u00e4tigung stellt keine Annahme Ihres Angebotes dar, sondern soll Sie nur dar\u00fcber informieren, dass Ihre Bestellung bei uns eingegangen ist.<\/p>\n<p>Der Vertrag kommt erst mit Zusendung der von Ihnen bestellten Ware zustande.<\/p>\n<p><strong>2. Identit\u00e4t des Vertragspartners<\/strong><br \/>\nDer Vertrag kommt mit sleepingbaby.de zustande, soweit nicht ausdr\u00fccklich anders angegeben.<\/p>\n<p>Anschrift:<br \/>\nwww.sleepingbaby.de<br \/>\nc\/o P. &amp; F. Berger<br \/>\nEggstrasse 28<br \/>\n8907 Wettswil<br \/>\nSchweiz<\/p>\n<p>Sitz:<br \/>\nWettswil<\/p>\n<p>Gerichtsstand:<br \/>\nZ\u00fcrich, Schweiz<\/p>\n<p>Inhaber und Gesch\u00e4ftsf\u00fchrer:<br \/>\nPriska und Florian Berger<\/p>\n<p><strong>3. Speicherung des Vertragstextes<br \/>\n<\/strong>Ihre Bestelldaten werden in unserem Hause gespeichert. Sofern Sie dies in gedruckter Form w\u00fcnschen, k\u00f6nnen Sie die Bestellbest\u00e4tigung ausdrucken.<\/p>\n<p><strong>4. R\u00fcckgaberecht<br \/>\n<\/strong>Sie k\u00f6nnen die erhaltene Ware ohne Angabe von Gr\u00fcnden innerhalb von 14 Tagen durch R\u00fccksendung der Ware zur\u00fcckgeben. Die Frist beginnt nach Erhalt dieser Belehrung in Textform (z.B. als Brief, eMail), jedoch nicht vor Eingang der Ware. Zur Wahrung der Frist gen\u00fcgt die rechtzeitige Absendung der Ware oder des R\u00fccknahmeverlangens. In jedem Falle erfolgt die R\u00fccksendung auf Kosten und Gefahr des K\u00e4ufers. Die R\u00fccksendung oder das R\u00fccknahmeverlangen hat zu erfolgen an:<\/p>\n<p>www.sleepingbaby.de<br \/>\nc\/o P. &amp; F. Berger<br \/>\nEggstrasse 28<br \/>\n8907 Wettswil<br \/>\nSchweiz<\/p>\n<p><strong>R\u00fcckgabefolgen<br \/>\n<\/strong>Im Falle einer wirksamen R\u00fcckgabe sind die beiderseits empfangenen Leistungen zur\u00fcckzugew\u00e4hren und ggf. gezogene Nutzungen (z.B. Gebrauchsvorteile) herauszugeben. Bei einer Verschlechterung der Ware kann Wertersatz verlangt werden. Dies gilt nicht, wenn die Verschlechterung der Ware ausschliesslich auf deren Pr\u00fcfung &#8211; wie Sie Ihnen etwa im Ladengesch\u00e4ft m\u00f6glich gewesen w\u00e4re &#8211; zur\u00fcckzuf\u00fchren ist. Im \u00dcbrigen k\u00f6nnen Sie die Pflicht zum Wertersatz f\u00fcr eine durch die bestimmungsgem\u00e4ssen Ingebrauchnahme der Sache entstandene Verschlechterung vermeiden, indem Sie die Ware nicht wie Ihr Eigentum in Gebrauch nehmen und alles unterlassen, was deren beeintr\u00e4chtigt. Verpflichtungen zur Erstattung von Zahlungen m\u00fcssen innerhalb von 30 Tagen erf\u00fcllt werden. Die Frist beginnt f\u00fcr Sie mit der Absendung der Ware oder des R\u00fccknahmeverlangens, f\u00fcr uns mit dem Empfang.<\/p>\n<p><strong>Ende der R\u00fcckgabebelehrung<br \/>\n<\/strong>Alle Unterlagen, die Ihnen bei der R\u00fccksendung hilfreich sein k\u00f6nnen, finden Sie in der Rechnung, die wir Ihnen bei der Bestellausf\u00fchrung zusenden.<\/p>\n<p>Sollten Sie Fragen zu Ihrem R\u00fcckgaberecht haben, wenden Sie sich bitte an folgenden Kontaktadressen:<\/p>\n<p>eMail: info@sleepingbaby.de<br \/>\nTelefon: +41 44 777 75 07<\/p>\n<p>Anschrift:<br \/>\nwww.sleepingbaby.de<br \/>\nc\/o P. &amp; F. Berger<br \/>\nEggstrasse 28<br \/>\n8907 Wettswil<br \/>\nSchweiz<br \/>\n<a id=\"Lieferung\"><\/a><br \/>\n<strong>5. Lieferung<br \/>\n<\/strong>Bis die Ware beim Empf\u00e4nger ankommt ist mit einer Zeitdauer von ca. 3-10 Arbeitstagen zu rechnen. Der Versand erfolgt mittels Schweizer Post. Es ist zu beachten, dass der Artikel \u201csleepingbaby mit T\u00fcrreck\u201d in 2 Paketen erfolgt: sleepingbaby wird Ihnen direkt von uns geliefert, w\u00e4hrend Ihnen die T\u00fcrklemmstange (T\u00fcrreck) von unserem Partner in Deutschland zugesandt wird.<\/p>\n<p><strong>6. Preise<br \/>\n<\/strong>Alle Preise f\u00fcr Lieferungen in den EU-Raum sind in EURO und sind in der Schweiz mehrwertsteuerbefreit. F\u00fcr den Export in die EU wird das IOSS Verfahren via ebay benutzt. Hierbei werden die Zoll- und Wareneinfuhrumsatzsteuerkosten direkt via eBay an die Zollbeh\u00f6rend des jeweiligen Landes abgef\u00fchrt. Es gilt jeweils der Preis zum Zeitpunkt der Bestellung.<\/p>\n<p><strong>7. Versandkosten<br \/>\n<\/strong>Die Versandkosten sind im Preis immer inklusive.<\/p>\n<p><strong>8. Gew\u00e4hrleistung<br \/>\n<\/strong>Sollten gelieferte Artikel offensichtliche Material- oder Herstellungsfehler aufweisen, wozu auch Transportsch\u00e4den z\u00e4hlen, so reklamieren Sie bitte solche Fehler sofort gegen\u00fcber uns. Die Vers\u00e4umung dieser R\u00fcge hat allerdings f\u00fcr Ihre gesetzlichen Anspr\u00fcche keine Konsequenzen. F\u00fcr alle w\u00e4hrend der gesetzlichen Gew\u00e4hrleistungsfrist von 2 Jahren auftretenden M\u00e4ngel der Kaufsache gelten nach Ihrer Wahl die gesetzlichen Anspr\u00fcche.<\/p>\n","protected":false},"excerpt":{"rendered":"<p>Allgemeine Gesch\u00e4ftsbedingungen f\u00fcr Bestellungen aus der Europ\u00e4ischen Union (EU) direkt zu den Informationen bzgl. Lieferung 1. Zustandekommen des Vertrages Vertr\u00e4ge auf diesem Portal k\u00f6nnen nur in deutscher Sprache geschlossen werden. Sie geben ein verbindliches Angebot bei sleepingbaby.de ab, wenn Sie den Online-Bestellprozess unter Eingabe der dort verlangten Angaben durchlaufen haben und abschliessen. Nachdem Sie Ihre [&hellip;]<\/p>\n","protected":false},"author":1,"featured_media":0,"parent":0,"menu_order":0,"comment_status":"closed","ping_status":"closed","template":"","meta":{"footnotes":""},"class_list":["post-106","page","type-page","status-publish","hentry"],"_links":{"self":[{"href":"https:\/\/sleepingbaby.de\/WordPress\/wp-json\/wp\/v2\/pages\/106","targetHints":{"allow":["GET"]}}],"collection":[{"href":"https:\/\/sleepingbaby.de\/WordPress\/wp-json\/wp\/v2\/pages"}],"about":[{"href":"https:\/\/sleepingbaby.de\/WordPress\/wp-json\/wp\/v2\/types\/page"}],"author":[{"embeddable":true,"href":"https:\/\/sleepingbaby.de\/WordPress\/wp-json\/wp\/v2\/users\/1"}],"replies":[{"embeddable":true,"href":"https:\/\/sleepingbaby.de\/WordPress\/wp-json\/wp\/v2\/comments?post=106"}],"version-history":[{"count":11,"href":"https:\/\/sleepingbaby.de\/WordPress\/wp-json\/wp\/v2\/pages\/106\/revisions"}],"predecessor-version":[{"id":927,"href":"https:\/\/sleepingbaby.de\/WordPress\/wp-json\/wp\/v2\/pages\/106\/revisions\/927"}],"wp:attachment":[{"href":"https:\/\/sleepingbaby.de\/WordPress\/wp-json\/wp\/v2\/media?parent=106"}],"curies":[{"name":"wp","href":"https:\/\/api.w.org\/{rel}","templated":true}]}}