{"id":150,"date":"2013-06-14T06:03:19","date_gmt":"2013-06-14T06:03:19","guid":{"rendered":"http:\/\/sleepingbaby.de\/WordPress\/?page_id=150"},"modified":"2021-11-27T15:25:20","modified_gmt":"2021-11-27T15:25:20","slug":"produkteigenschaften-sleepingbaby-mit-deckenhaken","status":"publish","type":"page","link":"https:\/\/sleepingbaby.de\/WordPress\/produkteigenschaften-sleepingbaby-mit-deckenhaken","title":{"rendered":"Produkteigenschaften sleepingbaby mit Deckenhaken"},"content":{"rendered":"<p><a href=\"http:\/\/sleepingbaby.de\/WordPress\/fotos\">Alle Bilder<\/a><br \/>\n<a href=\"http:\/\/sleepingbaby.de\/WordPress\/videos-zu-sleepingbaby\">Alle Videos<\/a><\/p>\n<p><strong>Lieferumfang<\/strong><br \/>\nfertig vormontierte sleepingbaby Einschlafhilfe und Beruhigungshilfe\u00a0bestehend aus 1 hochqualitativen, optimal abgestimmten Zugfeder, 2 Hochsicherheitskarabiner, 1 Hochsicherheits-Seil, integrierte \u00dcberdehnungs- und Absturzsicherung, 1 Seil-Spanner, 1 Deckenhaken mit passendem D\u00fcbel f\u00fcr die Festmontage an einer Zimmerdecke<br \/>\nPreis: EUR 77.83 inklusive Versand- und Zollkosten<\/p>\n<p><strong>Warum sleepingbaby und welchen Nutzen erhalten Sie als Familie mit diesem Produkt?<\/strong><\/p>\n<ul>\n<li><strong>unkomplizierte<\/strong> und meistens <strong>sehr wirksame<\/strong> Methode Ihr Baby zu beruhigen, hilft meistens auch bei Babys mit Magen-Darm-Kolliken (auch als \u201cSchrei-Baby\u201d<br \/>\nbekannt) oder sonstiger Unruhe (siehe auch Kundenfeedbacks zu sleepingbaby)<\/li>\n<li>Auch <strong>\u00e4ltere Babys schaukeln gerne<\/strong> mit sleepingbaby, da sie freie Sicht haben und sehen was um sie herum geschieht<\/li>\n<li><strong>9 von 10 Babys lassen sich mit sleepingbaby beruhigen!<\/strong><\/li>\n<li>die Feder der sleepingbaby Einschlafhilfe wurde <strong>speziell f\u00fcr diesen Zweck<\/strong> <strong>entwickelt<\/strong> und <strong>schaukelt Babys im Maxi-Cosi Alter\u00a0<strong>(bereits ab 2.5 kg K\u00f6rpergewicht<\/strong>) sanft in den Schlaf<\/strong><\/li>\n<li><strong>einfach und sicher<\/strong> zu installieren. Kein Stromanschluss erforderlich. Keine Batterien. Keine komplizierte Mechanik.<\/li>\n<li>Ihr Baby\/ Kleinkind (der Maxi-Cosi ist bis zu 13kg Gewicht benutzbar) liegt in seinem gewohnten Autositz sicher in seinen Gurten<\/li>\n<li><strong>preiswerte und effiziente<\/strong> L\u00f6sung insbesondere f\u00fcr Familien, welche sowieso ein Auto und somit einen Maxi Cosi oder ein \u00e4hnliches Produkt eines anderen Herstellers besitzen. Warum sollten Sie ein <a title=\"Vergleich der sleepingbaby Einschlafhilfe mit Baby-H\u00e4ngematten f\u00fcr Babys\" href=\"http:\/\/sleepingbaby.de\/WordPress\/?page_id=356\">viel teureres H\u00e4ngematten-System<\/a> f\u00fcr Babys kaufen, wenn Sie die gleiche Wirkung nicht mal halb so teuer erzielen k\u00f6nnen?<\/li>\n<li>die sleepingbaby Einschlafhilfe ist <strong>sehr klein<\/strong> und bei Nichtgebrauch <strong>einfach zu versorgen.<\/strong> Dadurch ist sie auch hervorragend geeignet um mit auf Reisen zu nehmen oder auf Besuch bei Bekannten<\/li>\n<li>mit der optional erh\u00e4ltlichen T\u00fcr-Klemmstange k\u00f6nnen Sie die sleepingbaby Einschlafhilfe \u00fcberall mitnehmen. Das einzige was Sie zum Aufh\u00e4ngen brauchen ist ein normaler T\u00fcrrahmen. Das Gewicht der Bestandteile ist \u00e4usserst gering und die sleepingbay Einschlafhilfe hat in einer kleinen Tasche Platz<\/li>\n<li>Alle Einzelteile sind optimal aufeinander abgestimmt und intensiv getestet um die <strong>gr\u00f6sstm\u00f6gliche Sicherheit<\/strong> f\u00fcr Ihr Kind zu gew\u00e4hrleisten<\/li>\n<li>Inklusive Bedienungsanleitung<\/li>\n<li><strong>Kein Risiko:<\/strong> Wenn Sie mit der sleepingbaby Einschlafhilfe nicht zufrieden sind, <strong>erstatten wir Ihnen bei R\u00fccksendung innert 10 Tagen den vollen Kaufpreis zur\u00fcck!<\/strong><\/li>\n<\/ul>\n<p><strong>Die sleepingbaby Einschlafhilfe und Beruhigungshilfe wird Ihrem Familienleben zu einem g\u00fcnstigen Preis viele ruhige(re) Stunden schenken. Eine Investition die sich lohnt!<\/strong><\/p>\n<p><a title=\"Kaufen\" href=\"https:\/\/sleepingbaby.de\/WordPress\/direkt-und-sicher-bestellen\">Gleich hier bestellen und ein zufriedenes und ruhiges Baby geniessen!<\/a><\/p>\n","protected":false},"excerpt":{"rendered":"<p>Alle Bilder Alle Videos Lieferumfang fertig vormontierte sleepingbaby Einschlafhilfe und Beruhigungshilfe\u00a0bestehend aus 1 hochqualitativen, optimal abgestimmten Zugfeder, 2 Hochsicherheitskarabiner, 1 Hochsicherheits-Seil, integrierte \u00dcberdehnungs- und Absturzsicherung, 1 Seil-Spanner, 1 Deckenhaken mit passendem D\u00fcbel f\u00fcr die Festmontage an einer Zimmerdecke Preis: EUR 77.83 inklusive Versand- und Zollkosten Warum sleepingbaby und welchen Nutzen erhalten Sie als Familie mit [&hellip;]<\/p>\n","protected":false},"author":1,"featured_media":0,"parent":0,"menu_order":0,"comment_status":"closed","ping_status":"closed","template":"","meta":{"footnotes":""},"class_list":["post-150","page","type-page","status-publish","hentry"],"_links":{"self":[{"href":"https:\/\/sleepingbaby.de\/WordPress\/wp-json\/wp\/v2\/pages\/150","targetHints":{"allow":["GET"]}}],"collection":[{"href":"https:\/\/sleepingbaby.de\/WordPress\/wp-json\/wp\/v2\/pages"}],"about":[{"href":"https:\/\/sleepingbaby.de\/WordPress\/wp-json\/wp\/v2\/types\/page"}],"author":[{"embeddable":true,"href":"https:\/\/sleepingbaby.de\/WordPress\/wp-json\/wp\/v2\/users\/1"}],"replies":[{"embeddable":true,"href":"https:\/\/sleepingbaby.de\/WordPress\/wp-json\/wp\/v2\/comments?post=150"}],"version-history":[{"count":23,"href":"https:\/\/sleepingbaby.de\/WordPress\/wp-json\/wp\/v2\/pages\/150\/revisions"}],"predecessor-version":[{"id":921,"href":"https:\/\/sleepingbaby.de\/WordPress\/wp-json\/wp\/v2\/pages\/150\/revisions\/921"}],"wp:attachment":[{"href":"https:\/\/sleepingbaby.de\/WordPress\/wp-json\/wp\/v2\/media?parent=150"}],"curies":[{"name":"wp","href":"https:\/\/api.w.org\/{rel}","templated":true}]}}