{"id":191,"date":"2013-06-06T11:44:43","date_gmt":"2013-06-06T11:44:43","guid":{"rendered":"http:\/\/sleepingbaby.de\/WordPress\/?page_id=191"},"modified":"2013-06-20T11:40:12","modified_gmt":"2013-06-20T11:40:12","slug":"haufig-gestellte-fragen-faq","status":"publish","type":"page","link":"https:\/\/sleepingbaby.de\/WordPress\/haufig-gestellte-fragen-faq","title":{"rendered":"H\u00e4ufig gestellte Fragen (FAQ)"},"content":{"rendered":"<p><strong><em>Frage:<\/em><br \/>\nFunktioniert sleepingbaby bei allen Babys?<br \/>\n<em>Antwort:<br \/>\n<\/em><\/strong>sleepingbaby funktioniert bei \u00e4usserst vielen Babys sehr gut. Aufgrund der Feedbacks unserer Kunden k\u00f6nnen wir mit gutem Gewissen sagen, dass bei \u00fcber 95% aller Babys das sanfte Schaukeln und Wiegen zu einem Beruhigungs-Effekt f\u00fchrt. Es gibt jedoch Situationen, in denen auch sleepingbaby Ihr Baby nicht zu beruhigen vermag (siehe m\u00f6gliche Gr\u00fcnde auch unter der Rubrik <a title=\"Hilfe bei Schlafproblemen von Babys\" href=\"http:\/\/sleepingbaby.de\/WordPress\/?page_id=303\">\u201cSchlafprobleme\u201d<\/a>). Meistens handelt es sich dabei jedoch um vor\u00fcbergehende Altersphasen. Bei unserer j\u00fcngeren Tochter funktionierte sleepingbaby hervorragend w\u00e4hrend der ersten 4 Lebensmonate. Dann hatten wir ungef\u00e4hr 1 Monat\u00a0in der sleepingbaby weniger gut bis gar nicht wirkte. Vom 6. bis zum 10. Lebensmonat wirkte sleepingbaby jedoch wieder hervorragend. \u00c4hnliches berichteten uns auch andere Familien, die mit sleepingbaby erfolgreich ihr Baby beruhigten.<\/p>\n<p><strong><em>Frage:<\/em><\/strong><br \/>\n<strong>Kann es sein, dass mein Baby vom h\u00e4ufigeren Liegen im Maxi-Cosi (Autobabysitz) Haltungssch\u00e4den bekommt?<br \/>\n<em>Antwort:<br \/>\n<\/em><\/strong>Da wir selbstverst\u00e4ndlich auch bei unseren Kindern Haltungssch\u00e4den auf jeden Fall verhindern wollten, haben wir sehr sorgf\u00e4ltig abgekl\u00e4rt ob diese durch h\u00e4ufigeren Maxi-Cosi Gebrauch entstehen k\u00f6nnen. Unsere ausf\u00fchrlichen Recherchen in wissenschaftlichen Artikeln sowie in Gespr\u00e4chen mit verschiedenen Kinder\u00e4rzten (u.a. ist der Patenonkel unserer Tochter Kinderarzt) wurde uns versichert, dass noch nie ein Baby wegen zu h\u00e4ufigem Maxi-Cosi Gebrauch zu k\u00f6perlichen Sch\u00e4den gekommen ist. Sollten Sie gegenteilige Untersuchungen kennen, <a title=\"Kontakt\" href=\"http:\/\/sleepingbaby.de\/WordPress\/?page_id=292\">kontaktieren<\/a> Sie uns bitte. Dennoch empfehlen auch wir, Ihr Baby nicht die ganze Nacht oder stundenlang und ohne Unterbruch im Maxi-Cosi liegen zu lassen. Dies ist beim Einsatz von sleepingbaby aber auch gar nicht n\u00f6tig. Im Normalfall beruhigt sich n\u00e4mlich Ihr Baby innert Minuten und schl\u00e4ft bei M\u00fcdigkeit schnell ein. Dann k\u00f6nnen Sie es aus dem Maxi-Cosi rausnehmen und ins Bettchen legen. Damit ein Baby seine Motorik optimal entwickeln kann, sollte es generell nicht zu lange in einer unbeweglichen Haltung liegen (d.h. \u00fcber 2 Stunden ununterbrochen in der gleichen Position). \u00dcbrigens gilt dies auch f\u00fcr alle anderen Baby-H\u00e4ngematten und Bauchtragen. Da Sie Ihr Baby ja zwischendurch auch mal f\u00fcttern und wickeln sind diese regelm\u00e4ssigen \u201cPausen\u201d sowieso sichergestellt.<\/p>\n<p><strong><em>Frage:<br \/>\n<\/em>Warum beruhigen sich Babys \u00fcberhaupt beim Schaukeln und Wiegen?<br \/>\n<em>Antwort:<br \/>\n<\/em><\/strong>Dies Frage l\u00e4sst sich nicht abschliessend und definitiv beantworten. Vermutlich liegt es daran, dass sich die Babys in den Mutterleib zur\u00fcck versetzt f\u00fchlen. Als sie n\u00e4mlich in Mamas Bauch heranwuchsen waren sie bei Bewegungen der Mutter sozusagen st\u00e4ndig im Schaukel- und Wiegemodus. Aus diesem Grund beruhigen sich die Babys im ersten Lebensjahr meistens, wenn sie sanft gewiegt und geschaukelt werden.<\/p>\n<p><strong><em>Frage:<\/em><\/strong><br \/>\n<strong>Ist sleepingbaby absolut sicher in der Anwendung?<\/strong><br \/>\n<strong><em>Antwort:<br \/>\n<\/em><\/strong>Ja. Bei der Entwicklung von sleepingbaby hat die Sicherheit an oberster Stelle gestanden. Alle Komponenten haben grossz\u00fcgige Sicherheitsreserven bez\u00fcglich Belastung. Die Feder besteht aus speziellem, rostfreiem Stahl, welcher in der Industrie verwendet wird. Die Dauerbelastungsgrenze dieser Feder liegt weit \u00fcber der Belastung die ein Baby im Maxi-Cosi bewirkt. Trotzdem haben wir noch eine zus\u00e4tzliche \u00dcberdehnungssicherung eingebaut, die verhindert, dass die Feder durch gr\u00f6ssere, spielende Geschwister versehentlich \u00fcberdehnt wird. Dieses Sicherungsseil alleine ist aus einem Material hergestellt, dass eine dauerhafte Belastung von \u00fcber 120 Kilogramm aushalten w\u00fcrde. Der mitgelieferte Deckenhaken ist ebenfalls grossz\u00fcgig dimensioniert und wenn Sie die Version mit T\u00fcrklemmstange (T\u00fcrreck) bestellen, ist dieses auch als Trainingsger\u00e4t f\u00fcr Erwachsene benutzbar.<br \/>\nIm Gegensatz zu vielen Baby-H\u00e4ngematten k\u00f6nnen Sie Ihr Baby zus\u00e4tzlich mit den Vier-Punkte-Gurten Ihres Maxi-Cosi im Sitz fixieren. Somit kann es auf keinen Fall herausfallen. Ebenfalls ist das Baby durch die harte Schale des Maxi-Cosi rundum vor spielenden Geschwistern oder Haustieren vor Gefahren besch\u00fctzt.<\/p>\n<p><strong><em>Frage:<br \/>\nKann ich sleepingbaby tats\u00e4chlich ohne Verpflichtung 10 Tage kostenlos testen?<br \/>\n<em>Antwort:<\/em><br \/>\n<\/em><\/strong>Ja. Uns ist es wichtig, dass Sie mit sleepingbaby vollumf\u00e4nglich zufrieden sind. Denn Mund-zu-Mund Propaganda ist f\u00fcr uns die beste Werbung. Ausserdem wissen wir selbst, dass man als Eltern schon ein gen\u00fcgend strapaziertes Budget hat. Mit diesem Angebot gehen Sie deshalb kein Risiko ein etwas zu kaufen, das bei Ihrem Baby nicht zum gew\u00fcnschten Beruhigungseffekt f\u00fchrt.<\/p>\n","protected":false},"excerpt":{"rendered":"<p>Frage: Funktioniert sleepingbaby bei allen Babys? Antwort: sleepingbaby funktioniert bei \u00e4usserst vielen Babys sehr gut. Aufgrund der Feedbacks unserer Kunden k\u00f6nnen wir mit gutem Gewissen sagen, dass bei \u00fcber 95% aller Babys das sanfte Schaukeln und Wiegen zu einem Beruhigungs-Effekt f\u00fchrt. Es gibt jedoch Situationen, in denen auch sleepingbaby Ihr Baby nicht zu beruhigen vermag [&hellip;]<\/p>\n","protected":false},"author":1,"featured_media":0,"parent":0,"menu_order":0,"comment_status":"closed","ping_status":"closed","template":"","meta":{"footnotes":""},"class_list":["post-191","page","type-page","status-publish","hentry"],"_links":{"self":[{"href":"https:\/\/sleepingbaby.de\/WordPress\/wp-json\/wp\/v2\/pages\/191","targetHints":{"allow":["GET"]}}],"collection":[{"href":"https:\/\/sleepingbaby.de\/WordPress\/wp-json\/wp\/v2\/pages"}],"about":[{"href":"https:\/\/sleepingbaby.de\/WordPress\/wp-json\/wp\/v2\/types\/page"}],"author":[{"embeddable":true,"href":"https:\/\/sleepingbaby.de\/WordPress\/wp-json\/wp\/v2\/users\/1"}],"replies":[{"embeddable":true,"href":"https:\/\/sleepingbaby.de\/WordPress\/wp-json\/wp\/v2\/comments?post=191"}],"version-history":[{"count":5,"href":"https:\/\/sleepingbaby.de\/WordPress\/wp-json\/wp\/v2\/pages\/191\/revisions"}],"predecessor-version":[{"id":348,"href":"https:\/\/sleepingbaby.de\/WordPress\/wp-json\/wp\/v2\/pages\/191\/revisions\/348"}],"wp:attachment":[{"href":"https:\/\/sleepingbaby.de\/WordPress\/wp-json\/wp\/v2\/media?parent=191"}],"curies":[{"name":"wp","href":"https:\/\/api.w.org\/{rel}","templated":true}]}}