{"id":197,"date":"2013-06-06T11:51:27","date_gmt":"2013-06-06T11:51:27","guid":{"rendered":"http:\/\/sleepingbaby.de\/WordPress\/?page_id=197"},"modified":"2021-11-27T15:29:34","modified_gmt":"2021-11-27T15:29:34","slug":"kundenfeedbacks","status":"publish","type":"page","link":"https:\/\/sleepingbaby.de\/WordPress\/kundenfeedbacks","title":{"rendered":"Kundenfeedbacks"},"content":{"rendered":"<p><strong>Familien \u00fcber die sleepingbaby Einschlafhilfe<\/strong><\/p>\n<p>&#8222;Mein Sohn ist nun 3,5 Monate alt und seit gut 10 Wochen machen wir die H\u00f6lle durch. SAB Simplex Tropfen, Kirschkernkissen, Bauchmassagen, Osteopathische Hilfe, Pucken, F\u00f6hnen, n\u00e4chtliche Autofahrten, stundenlanges Herumtragen, zig Male Klinikbesuche mit Verdacht auf irgendeine Krankheit (die er Gott sei Dank nicht hat), Schschsch- Zischen bis die Zunge weh tat und noch viele Verzweiflungstaten, die mir auf Anhieb gar nicht mehr einfallen. Aber er SCHRIE. Und schlief nat\u00fcrlich kaum. L\u00e4ngstens 20 Minuten. Mama &amp; Papa leichen\u00e4hnlich. Ehrlich gesagt glaubte ich nicht so wirklich an sleepingbaby \u2013 wie sollte es auch klappen, wenn sonst nichts half?? Aber ich bedanke mich HERZLICHST \u2013 es war unsere Rettung! Er schl\u00e4ft bis zu 3 Stunden da drin und beruhigt sich innerhalb Sekunden! DANKE DANKE DANKE <img loading=\"lazy\" decoding=\"async\" class=\"wp-smiley\" src=\"https:\/\/sleepingbaby.ch\/WordPress\/wp-includes\/images\/smilies\/simple-smile.png\" alt=\":)\" width=\"12\" height=\"12\" \/>&#8220;<br \/>\n<strong>Familie \u00d6zer, Wattens, \u00d6sterreich<\/strong><\/p>\n<p>\u201cSleepingbaby war das Beste was uns passieren konnte. Unsere Tochter leidet unter starkem Reflux und einer extremen Einschlaf- und Durchschlafst\u00f6rung. Nachdem wir alles ausprobiert haben (Wiege CHF 120.&#8211;, Schaukel CHF 270.&#8211; und H\u00e4ngematte CHF 70.&#8211;) hab ich alles gekauft, nur damit wir uns ein bisschen ausruhen konnten und das Geld war mir dann egal. Unser Baby schrie weiterhin bis ich das sleepingbaby erhalten habe. 5 Monate kamen uns vor wie 5 Jahre und mein Mann war auch v\u00f6llig ersch\u00f6pft. Mit sleepingbaby schl\u00e4ft sie friedlich und innerhalb von 5 Minuten ein. H\u00e4tte ich nie gedacht, dass so etwas einfaches unsere Rettung sein kann. Ich nehme es auch \u00fcberall mit. Ich m\u00f6chte mich ganz herzlich nochmals bedanken und hoffe, dass viele verzweifelte Eltern davon profitieren k\u00f6nnen.\u201d <strong>Familie Sabani, Uster, Schweiz<\/strong><\/p>\n<p>\u201cAlso das absolute Wundermittel heisst f\u00fcr mich &#8222;sleepingbaby&#8220;, eine Schaukel, bestehend aus Maxicosi und Feder die an einem T\u00fcrreck aufgeh\u00e4ngt wird. Schwingt in alle Richtungen und meine Babys sind in sage und schreibe wenigen Sekunden ruhig. Hab das Problem n\u00e4mlich auch Abends, deswegen kommt einer in sleepingbaby und einen trag ich rum immer im Wechsel&#8230;.Will echt keine Werbung machen f\u00fcr die Firma aber f\u00fcr mich bisher die allerbeste Anschaffung! Liebe Gr\u00fcsse Maja\u201d <strong>Forumeintrag auf <a href=\"http:\/\/www.einskannjeder.de\/wbb3\/index.php?page=Thread&amp;postID=401498&amp;highlight=sleepingbaby#post401498\" target=\"_blank\" rel=\"noopener\">www.einskannjeder.de<\/a><\/strong><\/p>\n<p>\u201cWir m\u00fcssen ehrlich zugeben: als wir sleepingbaby zum ersten Mal im Internet gesehen haben,\u00a0waren wir sehr skeptisch, ob uns dieses Produkt tats\u00e4chlich helfen kann unser Baby zu beruhigen. Einige schlaflose N\u00e4chte sp\u00e4ter haben wir uns dann doch entschieden, sleepingbaby zu bestellen und zu testen. Und wir k\u00f6nnen Ihnen sagen: es war das Beste was wir tun konnten! Unser Kind liebt es im sleepingbaby zu schaukeln und beruhigt sich meistens sofort! Wir wussten gar nicht mehr, was es heisst ein ruhiges und zufriedenes Baby zu haben&#8230; Wir m\u00f6chten uns auf diesem Weg bei Ihnen f\u00fcr die Erfindung von sleepingbaby herzlichst bedanken und hoffen, dass noch viele Familien dieses Produkt f\u00fcr sich entdecken. \u00dcbrigens: Angesichts der vielen ruhigen Stunden die wir mit sleepingbaby verbracht haben, h\u00e4tten wir im Nachhinein auch EUR 500.- bezahlt&#8230;;-).\u201d <strong>Familie Wilkens, Hamburg, Deutschland<\/strong><\/p>\n<p>\u201cLieber Herr Berger. Wir kommen sehr gut mit der Federwiege zurecht, besonders gut gef\u00e4llt uns, dass die Feder im Gegensatz zur Nonomo lange nachschwingt und man so nicht st\u00e4ndig nachschieben muss.\u201d <strong>Familie Enz, M\u00fcnchen, Deutschland<\/strong><\/p>\n<p>\u201cUnser Sohn wollte die ersten Wochen mindestens alle 1-2 Stunden gestillt werden. Dank sleepingbaby gelang es uns die Abst\u00e4nde zwischen dem Stillen um bis zu eine Stunde hinaus zu z\u00f6gern.\u201d <strong>Frau Schr\u00f6der, Frankfurt, Deutschland<\/strong><\/p>\n<p>\u201cEs ist wirklich erstaunlich, wie gut sich mein Sohn mit sleepingbaby beruhigen l\u00e4sst! Die Feder von sleepingbaby scheint genau die richtige Schwingungs-Frequenz zu besitzen auf die Babys ansprechen!\u201d <strong>Kinderarzt<\/strong> <strong>Dr.med. F. H\u00e4berlin, Z\u00fcrich, Schweiz<\/strong><\/p>\n<p>\u201cDank sleepingbaby hatten wir zwischendurch mal die Zeit allt\u00e4gliche Dinge zu erledigen. Beim Schaukeln mit sleepingbaby war unsere Tochter gleich zufrieden. Sonst mussten wir sie die ganze Zeit auf unseren Armen herumtragen.\u201d <strong>Familie Weber, M\u00fcnchen, Deutschland<\/strong><\/p>\n<p>\u201cAn Ihrem Produkt haben wir Freude. Sleepingbaby ist zwar bei unserer Tochter nicht ein &#8222;Allerheil-Mittel&#8220;, ist aber im Alltag eine grosse Unterst\u00fctzung, gerade wenn ich den grossen Bruder ins Bett bringe, ihn dusche etc.. Dann ist die Kleine mit sleepingbaby zufrieden und ich kann mich ohne Stress um den Grossen k\u00fcmmern. Ich werde Ihr Produkt gerne weiterempfehlen.\u201d <strong>Corinne Fischer, Bern, Schweiz<\/strong><\/p>\n<p>\u201cSehr schnelle Lieferung und sehr netter Kontakt. Funktioniert super der sleepingbaby!\u201d <strong>Frau Kieninger, Balgach, Schweiz<\/strong><\/p>\n<p>\u201cSleepingbaby ist die einzige Beruhigungshilfe die wirkt! Wir haben von Kollegen eine H\u00e4ngematte und einen H\u00e4ngekorb ausgeliehen. Unser Sohn war leider gar nicht zufrieden darin. Erst seit wir sleepingbaby einsetzen, k\u00f6nnen wir unseren Sohn beruhigen. Vermutlich liegt es daran, dass er freie Sicht hat und sieht was um ihn herum geschieht. Danke vielmals.\u201d<br \/>\n<strong>Familie Gow, Wettswil, Schweiz<\/strong><\/p>\n<p>\u201cSleepingbaby ist der Hit. Alles Tiptop, vielen Dank.\u201d<br \/>\n<strong>Familie Peter, Hombrechtikon, Schweiz<\/strong><\/p>\n<p>\u201cWir sind sehr zufrieden, danke.\u201d<strong><br \/>\nFamilie Schubiger, Z\u00fcrich, Schweiz<\/strong><\/p>\n<p><a title=\"Kaufen\" href=\"https:\/\/sleepingbaby.de\/WordPress\/direkt-und-sicher-bestellen\"><strong>Sleepingbaby kann auch Ihnen helfen. Damit Sie beim Kauf kein Risiko eingehen, k\u00f6nnen Sie sleepingbaby f\u00fcr 14 Tage kostenlos testen!<\/strong><\/a><\/p>\n","protected":false},"excerpt":{"rendered":"<p>Familien \u00fcber die sleepingbaby Einschlafhilfe &#8222;Mein Sohn ist nun 3,5 Monate alt und seit gut 10 Wochen machen wir die H\u00f6lle durch. SAB Simplex Tropfen, Kirschkernkissen, Bauchmassagen, Osteopathische Hilfe, Pucken, F\u00f6hnen, n\u00e4chtliche Autofahrten, stundenlanges Herumtragen, zig Male Klinikbesuche mit Verdacht auf irgendeine Krankheit (die er Gott sei Dank nicht hat), Schschsch- Zischen bis die Zunge [&hellip;]<\/p>\n","protected":false},"author":1,"featured_media":0,"parent":0,"menu_order":0,"comment_status":"closed","ping_status":"open","template":"","meta":{"footnotes":""},"class_list":["post-197","page","type-page","status-publish","hentry"],"_links":{"self":[{"href":"https:\/\/sleepingbaby.de\/WordPress\/wp-json\/wp\/v2\/pages\/197","targetHints":{"allow":["GET"]}}],"collection":[{"href":"https:\/\/sleepingbaby.de\/WordPress\/wp-json\/wp\/v2\/pages"}],"about":[{"href":"https:\/\/sleepingbaby.de\/WordPress\/wp-json\/wp\/v2\/types\/page"}],"author":[{"embeddable":true,"href":"https:\/\/sleepingbaby.de\/WordPress\/wp-json\/wp\/v2\/users\/1"}],"replies":[{"embeddable":true,"href":"https:\/\/sleepingbaby.de\/WordPress\/wp-json\/wp\/v2\/comments?post=197"}],"version-history":[{"count":13,"href":"https:\/\/sleepingbaby.de\/WordPress\/wp-json\/wp\/v2\/pages\/197\/revisions"}],"predecessor-version":[{"id":924,"href":"https:\/\/sleepingbaby.de\/WordPress\/wp-json\/wp\/v2\/pages\/197\/revisions\/924"}],"wp:attachment":[{"href":"https:\/\/sleepingbaby.de\/WordPress\/wp-json\/wp\/v2\/media?parent=197"}],"curies":[{"name":"wp","href":"https:\/\/api.w.org\/{rel}","templated":true}]}}