{"id":298,"date":"2013-06-18T15:06:12","date_gmt":"2013-06-18T15:06:12","guid":{"rendered":"http:\/\/sleepingbaby.de\/WordPress\/?page_id=298"},"modified":"2013-06-20T09:03:27","modified_gmt":"2013-06-20T09:03:27","slug":"babyschlaf-und-beruhigung-tipps-und-tricks","status":"publish","type":"page","link":"https:\/\/sleepingbaby.de\/WordPress\/babyschlaf-und-beruhigung-tipps-und-tricks","title":{"rendered":"Babyschlaf und -beruhigung: Tipps und Tricks"},"content":{"rendered":"<p>Ihr Baby schl\u00e4ft nicht (ein) oder l\u00e4sst sich nicht beruhigen? Auf den folgenden Seiten haben wir ein paar Tipps und Tricks zusammengestellt, welche Ihnen in diesen Themen hoffentlich weiterhelfen k\u00f6nnen.<\/p>\n<p><strong>Wichtig:<\/strong> wenn Sie es nicht mehr aushalten, nehmen Sie unbedingt professionelle Hilfe in Anspruch! Der durch ein unruhiges Baby ausgel\u00f6ste Stress bei den Eltern darf nicht untersch\u00e4tzt werden und man sollte jede Hilfe annehmen, die verf\u00fcgbar ist.<\/p>\n<ul>\n<li><a title=\"Hilfe bei Schlafproblemen von Babys\" href=\"http:\/\/sleepingbaby.de\/WordPress\/?page_id=303\">Hilfe bei Schlafproblemen<\/a><\/li>\n<li><a title=\"Schlaftipps f\u00fcr Babys\" href=\"http:\/\/sleepingbaby.de\/WordPress\/?page_id=329\">Schlaftipps f\u00fcr Babys<\/a><\/li>\n<li><a title=\"24-Stunden Schlafprotokoll f\u00fcr Babys\" href=\"http:\/\/sleepingbaby.de\/WordPress\/?page_id=335\">24-Stunden Schlafprotokoll f\u00fcr Babys<\/a><\/li>\n<\/ul>\n","protected":false},"excerpt":{"rendered":"<p>Ihr Baby schl\u00e4ft nicht (ein) oder l\u00e4sst sich nicht beruhigen? Auf den folgenden Seiten haben wir ein paar Tipps und Tricks zusammengestellt, welche Ihnen in diesen Themen hoffentlich weiterhelfen k\u00f6nnen. Wichtig: wenn Sie es nicht mehr aushalten, nehmen Sie unbedingt professionelle Hilfe in Anspruch! Der durch ein unruhiges Baby ausgel\u00f6ste Stress bei den Eltern darf [&hellip;]<\/p>\n","protected":false},"author":1,"featured_media":0,"parent":0,"menu_order":0,"comment_status":"closed","ping_status":"closed","template":"","meta":{"footnotes":""},"class_list":["post-298","page","type-page","status-publish","hentry"],"_links":{"self":[{"href":"https:\/\/sleepingbaby.de\/WordPress\/wp-json\/wp\/v2\/pages\/298","targetHints":{"allow":["GET"]}}],"collection":[{"href":"https:\/\/sleepingbaby.de\/WordPress\/wp-json\/wp\/v2\/pages"}],"about":[{"href":"https:\/\/sleepingbaby.de\/WordPress\/wp-json\/wp\/v2\/types\/page"}],"author":[{"embeddable":true,"href":"https:\/\/sleepingbaby.de\/WordPress\/wp-json\/wp\/v2\/users\/1"}],"replies":[{"embeddable":true,"href":"https:\/\/sleepingbaby.de\/WordPress\/wp-json\/wp\/v2\/comments?post=298"}],"version-history":[{"count":6,"href":"https:\/\/sleepingbaby.de\/WordPress\/wp-json\/wp\/v2\/pages\/298\/revisions"}],"predecessor-version":[{"id":346,"href":"https:\/\/sleepingbaby.de\/WordPress\/wp-json\/wp\/v2\/pages\/298\/revisions\/346"}],"wp:attachment":[{"href":"https:\/\/sleepingbaby.de\/WordPress\/wp-json\/wp\/v2\/media?parent=298"}],"curies":[{"name":"wp","href":"https:\/\/api.w.org\/{rel}","templated":true}]}}