{"id":303,"date":"2013-06-18T15:20:52","date_gmt":"2013-06-18T15:20:52","guid":{"rendered":"http:\/\/sleepingbaby.de\/WordPress\/?page_id=303"},"modified":"2013-06-20T11:43:23","modified_gmt":"2013-06-20T11:43:23","slug":"hilfe-bei-schlafproblemen-von-babys","status":"publish","type":"page","link":"https:\/\/sleepingbaby.de\/WordPress\/hilfe-bei-schlafproblemen-von-babys","title":{"rendered":"Hilfe bei Schlafproblemen von Babys"},"content":{"rendered":"<p>Schlafprobleme beim Baby k\u00f6nnen vielerlei Ursachen haben. Da ein Baby nicht in Worten ausdr\u00fccken kann, weshalb es nicht schlafen kann und schreit oder quengelt, ist man auch als erfahrene Eltern oft ratlos, was zu tun ist. Die wohl h\u00e4ufigsten Gr\u00fcnde sind folgende:<\/p>\n<ul>\n<ul>\n<li>Hunger<\/li>\n<li>Volle Windeln<\/li>\n<li>Zu kalt oder zu warm angezogen<\/li>\n<li>Krankheit<\/li>\n<li>Ungewohnte Umgebung<\/li>\n<li>Der gewohnte Tages- und Nachtrhythmus wurde unterbrochen<\/li>\n<li>Das Schlafverhalten (Schlafbedarf) des Babys hat sich ge\u00e4ndert<\/li>\n<li>Tagesendverarbeitung<\/li>\n<li>Zu m\u00fcde zum SchlafenIhr Baby &#8222;weiss&#8220; nicht, dass Schlafenszeit ist<\/li>\n<li>Entwicklungsschritte<\/li>\n<\/ul>\n<\/ul>\n<p>Falls Ihr Baby (\u00fcber 6 Monate) \u00fcber l\u00e4ngere Zeit nicht durchschl\u00e4ft und Sie auch mit den obengenannten Punkten die Ursache nicht feststellen konnten, empfehlen wir Ihnen eine Fachperson (Kinderarzt, Elternberatung&#8230;) zu konsultieren.<\/p>\n<p>W\u00e4hrend die Gr\u00fcnde <strong>\u201cHunger\u201d<\/strong> und <strong>\u201cVolle Windeln\u201d<\/strong> relativ leicht festgestellt und die Ursachen beseitigt werden k\u00f6nnen, wird es bei den anderen Gr\u00fcnden schon schwieriger:<\/p>\n<p><strong>\u201cZu kalt oder zu warm angezogen\u201d<\/strong>: Tendenziell wird ein Baby von seinen f\u00fcrsorglichen Eltern eher selten zu kalt angezogen. Der umgekehrte Fall kann jedoch schnell passieren. Draussen ist es Minus 15 Grad und sie verpacken ihr Baby selbstverst\u00e4ndlich mehrschichtig ein, damit es nicht unterk\u00fchlt (womit sie auch Recht haben: Babys unterk\u00fchlen viel schneller als erwachsene Menschen!). Obwohl das Kind an und f\u00fcr sich zufrieden in seinem Kinderwagen sein m\u00fcsste und normalerweise einschlafen w\u00fcrde, schreit und quengelt es vor sich hin. Oftmals hat man dann des Guten zuviel gemacht und das Baby \u201cschwitzt\u201d einfach vor sich hin und gibt seiner Unzufriedenheit mit Schreien Ausdruck. Da die H\u00e4nde bei einem Baby oft k\u00fchl sind, kann man die Temperatur eines Babys am besten am Nacken feststellen.<\/p>\n<p><strong>\u201cKrankheit\u201d<\/strong>: Wenn ein Kind offensichtlich mit einer Erk\u00e4ltung (Husten und\/oder Schnupfen, evt. Fieber) zu k\u00e4mpfen hat, ist es klar, dass es seinen Schlaf nicht finden<br \/>\nkann. In einem solchen Fall und wenn das Baby schon 6 Monate alt ist, k\u00f6nnen spezielle Erk\u00e4ltungssalben und Nasensprays bzw. -tropfen und Hustensirups f\u00fcr Babys helfen, den wohlverdienten Schlaf zu finden. F\u00fcr Babys unter 6 Monaten gibt es praktisch keine Medikamente. Allerdings kann man \u201cHausmittel\u201d wie Nasensprays basierend auf einer Salzl\u00f6sung (gibt es in der Apotheke) kaufen oder man kann auch eine Zwiebel zerschneiden und neben das Bett des Babys legen. Das ganze Zimmer wird zwar nachher nach Zwiebeln riechen, das Baby kann aber meistens freier atmen und findet so zu seinem Schlaf.<\/p>\n<p><strong>\u201cUngewohnte Umgebung\u201d<\/strong>: Babys nehmen ihre Umgebung schon sehr genau war. Wenn Sie zum Beispiel eingeladen sind und Ihr Baby nicht in den Schlaf findet, wundern Sie sich nicht. Nehmen Sie es in den Arm oder schaukeln Sie es in der Autositzschale (z.B. Maxi Cosi), vorausgesetzt Sie besitzen eine. Hierf\u00fcr eignet sich auch hervorragend unsere <a title=\"Babys unglaublich schnell auf einfachste Weise beruhigen!\" href=\"http:\/\/sleepingbaby.de\/WordPress\/\">sleepingbaby Einschlafhilfe<\/a>.<\/p>\n<p><strong>\u201cTagesrhythmus unterbrochen\u201d<\/strong>: F\u00fcr den guten Schlaf eines Babys ist ein regelm\u00e4ssiger Tagesrhythmus sehr wichtig. Versuchen Sie Ihr Baby zuhause immer ungef\u00e4hr zur gleichen Zeit ins Bett zu bringen und aufzuwecken. Nur leider wird es Ihnen nicht gelingen, diesen Rhythmus 365 Tage im Jahr durchzuhalten. Sie machen z.B. einen Wochenendausflug oder sind in den Ferien und schon ist es Ihnen aufgrund der Anreise, Zeitverschiebung, eines Ausfluges oder was auch immer nicht m\u00f6glich Ihr Kind zu seiner gewohnten Zeit ins Bett zu bringen oder aufzuwecken. Nehmen Sie es gelassen. Sie sind in den Ferien. Bringen Sie ihr Kind dann ins Bett, wenn es m\u00fcde ist und lassen sie es daf\u00fcr am n\u00e4chsten Tag etwas l\u00e4nger schlafen. Wenn Sie dann zuhause sind, bauen Sie wieder den gewohnten Rhythmus auf. Dies dauert unserer Erfahrung nach jedoch mindestens eine Woche.<\/p>\n<p><strong>\u201cDas Schlafverhalten des Babys hat ge\u00e4ndert\u201d<\/strong>: Ein Baby entwickelt sich unglaublich schnell. Zur ganzen k\u00f6rperlichen Entwicklung geh\u00f6rt auch die \u00c4nderung des Schlafverhaltens. Unsere Tochter<br \/>\nz.B. hat einige Monate regelm\u00e4ssig 2,5 Stunden Mittagsschlaf gemacht, ist abends zwischen 20 und 20.30 Uhr ins Bett und am n\u00e4chsten Morgen um 7.00 Uhr wieder aufgewacht. Die N\u00e4chte hat sie dabei meistens durchgeschlafen. Pl\u00f6tzlich wachte sie in der Nacht auf. W\u00e4hrend wir in den ersten N\u00e4chten an das Durchbrechen eines Zahnes dachten und sie mittels eines kleinen Schoppens (Schnuller bzw. Nuggi nahm unsere Tochter von Anfang an nicht in den Mund) wieder zum Schlafen bewegen konnten, wurden die Wachphasen in den folgenden N\u00e4chten immer l\u00e4nger und intensiver, bis sie irgendwann nur nach l\u00e4ngerem Spielen wieder einschlief. Morgens war sie aber aus verst\u00e4ndlichen Gr\u00fcnden so m\u00fcde, dass wir sie l\u00e4nger schlafen liessen. Da wir sowieso einen Impftermin beim Kinderarzt hatten, fragten wir diesen um Rat. Er empfahl uns das F\u00fchren eines <a title=\"24-Stunden Schlafprotokoll f\u00fcr Babys\" href=\"http:\/\/sleepingbaby.de\/WordPress\/?page_id=335\">Schlafprotokolles<\/a>, da aus diesem schon sehr viel \u00fcber das Schlafverhalten eines Babys herausgelesen werden kann. Nebenbei erw\u00e4hnte er, dass unsere Tochter sich in einem Alter<br \/>\nbef\u00e4nde, in dem der Mittagsschlaf unter Umst\u00e4nden schon verk\u00fcrzt werden k\u00f6nnte. Diese Bemerkung machte uns hellh\u00f6rig: Konnte es etwa sein, dass unsere Tochter in der Nacht aufwachte weil sie am Tag zuviel Schlaf hatte? Sofort probierten wir es aus und siehe da: durch die Verk\u00fcrzung des Mittagsschlafes schlief unsere Tochter vom einen auf den anderen Tag wieder durch und war auch tags\u00fcber wieder viel besserer Laune. Wochenlang waren wir nicht darauf gekommen, dass unsere Tochter aufgrund eines k\u00f6rperlichen Entwicklungsschrittes weniger Schlaf ben\u00f6tigte und deshalb in der Nacht aufwachte!<\/p>\n<p><strong>&#8222;Tagesendverarbeitung\u201d<\/strong>: Gerade bei einem kleinen Baby ist es normal, dass es in den Abendstunden (bei unserer ersten Tochter war es meistens zwischen 18 und 19 Uhr abends) w\u00e4hrend ungef\u00e4hr einer Stunde fast ununterbrochen schreit und quengelt. Erkl\u00e4rt wird dies oft durch die Verarbeitung der w\u00e4hrend des Tages gesammelten Eindr\u00fccke. Diese stellen anscheinend eine tempor\u00e4re \u00dcberforderung des Babys dar. Sie k\u00f6nnen nicht viel dagegen tun, ausser es versuchen durch K\u00f6rpern\u00e4he oder des Einsatzes der <a title=\"Babys unglaublich schnell auf einfachste Weise beruhigen!\" href=\"http:\/\/sleepingbaby.de\/WordPress\/\">sleepingbaby Einschlafhilfe<\/a> zu beruhigen.<\/p>\n<p><strong>&#8222;Zu m\u00fcde zum Schlafen\u201d: <\/strong>Wenn diese Situation auftritt, kann dies sehr anstrengend f\u00fcr die Eltern sein. Sie merken genau, dass Ihr Baby sehr m\u00fcde ist und ihm fast die Augen zufallen, aber dennoch kann es nicht einschlafen. In diesen F\u00e4llen hilft es meistens Ihr Kind mit der <a title=\"Babys unglaublich schnell auf einfachste Weise beruhigen!\" href=\"http:\/\/sleepingbaby.de\/WordPress\/\">sleepingbaby Einschlafhilfe<\/a> in den Schlaf zu schaukeln.<\/p>\n<p><strong>&#8222;Ihr Kind weiss nicht, dass Schlafenszeit ist\u201d: <\/strong>In den ersten Tagen und Wochen muss das Baby lernen, dass ein Unterschied zwischen Nacht und Tag besteht. Bis sich die innere Uhr entwickelt hat, dauert es ungef\u00e4hr 4 bis 6 Monate. Sie k\u00f6nnen Ihrem Baby mit folgenden M\u00f6glichkeiten helfen:<\/p>\n<ul>\n<li>Bei n\u00e4chtlichem Aufwachen: fl\u00fcstern Sie nur mit Ihrem Baby, keine Spielaktivit\u00e4ten, machen Sie m\u00f6glichst wenig Licht, wickeln Sie es nur bei Bedarf und legen Sie es nach dem Wickeln bzw. der n\u00e4chtlichen Mahlzeit gleich wieder in sein Bettchen.<\/li>\n<li>Versuchen Sie Ihrem Baby sobald als m\u00f6glich die letzte Abendmahlzeit zu einer festgelegten Zeit zu geben (auch wenn Sie sonst nach Bedarf f\u00fcttern) und legen Sie es danach schlafen. Quengelt Ihr Baby nachdem Sie es hingelegt haben, m\u00fcssen Sie nicht unbedingt sofort nachschauen gehen. Aber sp\u00e4testens wenn es zu schreien beginnt, sollten Sie es versuchen zu beruhigen. Falls es schon eine Mahlzeit hatte, geben Sie ihm nicht nochmals die Brust oder den Schoppen (Babys gew\u00f6hnen sich sehr schnell an diese Beruhigungshilfe und verlangen schlussendlich bei jedem Aufwachen danach) sondern versuchen Sie es zu beruhigen, indem Sie es\u00a0\u00a0nochmals auf den Arm nehmen,\u00a0leise mit ihm sprechen, ihm etwas vorsingen etc.. Leider klappt dieses Vorgehen aber nicht immer: auch wir hatten Situationen in denen wir uns nicht mehr anders zu helfen wussten, als unserer Tochter nochmals die Brust zu geben oder Sie in die <a title=\"Babys unglaublich schnell auf einfachste Weise beruhigen!\" href=\"http:\/\/sleepingbaby.de\/WordPress\/\">sleepingbaby Einschlaf- und Beruhigungshilfe<\/a> zu legen.<\/li>\n<\/ul>\n<p>&#8222;<strong>Entwicklungsschritte\u201d: <\/strong>Wir haben die Erfahrung gemacht,\u00a0dass auch ein Baby das schon seit Wochen oder Monaten durchgeschlafen hat, pl\u00f6tzlich wieder einige N\u00e4chte aufwachen kann und keiner der obengenannten Gr\u00fcnde zutraf. Deshalb m\u00f6chten wir Ihnen an dieser Stelle auch einfach noch etwas Gelassenheit empfehlen: Als Eltern geh\u00f6rt es einfach dazu manchmal in der Nacht aufzustehen. Oft geht dies besser (und meistens auch wieder schnell vorbei), wenn man sich nicht die ganze Zeit die Frage stellt, was man denn nun schon wieder falsch gemacht hat.<\/p>\n","protected":false},"excerpt":{"rendered":"<p>Schlafprobleme beim Baby k\u00f6nnen vielerlei Ursachen haben. Da ein Baby nicht in Worten ausdr\u00fccken kann, weshalb es nicht schlafen kann und schreit oder quengelt, ist man auch als erfahrene Eltern oft ratlos, was zu tun ist. Die wohl h\u00e4ufigsten Gr\u00fcnde sind folgende: Hunger Volle Windeln Zu kalt oder zu warm angezogen Krankheit Ungewohnte Umgebung Der [&hellip;]<\/p>\n","protected":false},"author":1,"featured_media":0,"parent":0,"menu_order":0,"comment_status":"open","ping_status":"open","template":"","meta":{"footnotes":""},"class_list":["post-303","page","type-page","status-publish","hentry"],"_links":{"self":[{"href":"https:\/\/sleepingbaby.de\/WordPress\/wp-json\/wp\/v2\/pages\/303","targetHints":{"allow":["GET"]}}],"collection":[{"href":"https:\/\/sleepingbaby.de\/WordPress\/wp-json\/wp\/v2\/pages"}],"about":[{"href":"https:\/\/sleepingbaby.de\/WordPress\/wp-json\/wp\/v2\/types\/page"}],"author":[{"embeddable":true,"href":"https:\/\/sleepingbaby.de\/WordPress\/wp-json\/wp\/v2\/users\/1"}],"replies":[{"embeddable":true,"href":"https:\/\/sleepingbaby.de\/WordPress\/wp-json\/wp\/v2\/comments?post=303"}],"version-history":[{"count":8,"href":"https:\/\/sleepingbaby.de\/WordPress\/wp-json\/wp\/v2\/pages\/303\/revisions"}],"predecessor-version":[{"id":350,"href":"https:\/\/sleepingbaby.de\/WordPress\/wp-json\/wp\/v2\/pages\/303\/revisions\/350"}],"wp:attachment":[{"href":"https:\/\/sleepingbaby.de\/WordPress\/wp-json\/wp\/v2\/media?parent=303"}],"curies":[{"name":"wp","href":"https:\/\/api.w.org\/{rel}","templated":true}]}}