{"id":335,"date":"2013-06-20T08:45:26","date_gmt":"2013-06-20T08:45:26","guid":{"rendered":"http:\/\/sleepingbaby.de\/WordPress\/?page_id=335"},"modified":"2015-09-23T19:43:53","modified_gmt":"2015-09-23T19:43:53","slug":"24-stunden-schlafprotokoll-fur-babys","status":"publish","type":"page","link":"https:\/\/sleepingbaby.de\/WordPress\/24-stunden-schlafprotokoll-fur-babys","title":{"rendered":"24-Stunden Schlafprotokoll f\u00fcr Babys"},"content":{"rendered":"<p>Mit einem Schlafprotokoll k\u00f6nnen sehr viele Informationen \u00fcber das Schlafverhalten von Babys gewonnen werden. Laden Sie sich das Schlafprotokoll von dieser Seite herunter und f\u00fchren Sie das Protokoll w\u00e4hrend ungef\u00e4hr 14 Tagen gem\u00e4ss Anleitung (im Download integriert). Mit dem genauen F\u00fchren des Schlafprotokolls erkennen Sie vielleicht sogar selbst, wie sich bei Ihrem Baby\/ Kleinkind ein nicht optimales Schlaf-\/ Wachverhalten etabliert hat.<\/p>\n<p><a href=\"http:\/\/sleepingbaby.de\/WordPress\/wp-content\/uploads\/2013\/06\/sleepingbaby.de_Schlafprotokoll.pdf\">Download Baby-Schlafprotokoll (PDF-Datei)<\/a><\/p>\n","protected":false},"excerpt":{"rendered":"<p>Mit einem Schlafprotokoll k\u00f6nnen sehr viele Informationen \u00fcber das Schlafverhalten von Babys gewonnen werden. Laden Sie sich das Schlafprotokoll von dieser Seite herunter und f\u00fchren Sie das Protokoll w\u00e4hrend ungef\u00e4hr 14 Tagen gem\u00e4ss Anleitung (im Download integriert). Mit dem genauen F\u00fchren des Schlafprotokolls erkennen Sie vielleicht sogar selbst, wie sich bei Ihrem Baby\/ Kleinkind ein [&hellip;]<\/p>\n","protected":false},"author":1,"featured_media":0,"parent":0,"menu_order":0,"comment_status":"closed","ping_status":"closed","template":"","meta":{"footnotes":""},"class_list":["post-335","page","type-page","status-publish","hentry"],"_links":{"self":[{"href":"https:\/\/sleepingbaby.de\/WordPress\/wp-json\/wp\/v2\/pages\/335","targetHints":{"allow":["GET"]}}],"collection":[{"href":"https:\/\/sleepingbaby.de\/WordPress\/wp-json\/wp\/v2\/pages"}],"about":[{"href":"https:\/\/sleepingbaby.de\/WordPress\/wp-json\/wp\/v2\/types\/page"}],"author":[{"embeddable":true,"href":"https:\/\/sleepingbaby.de\/WordPress\/wp-json\/wp\/v2\/users\/1"}],"replies":[{"embeddable":true,"href":"https:\/\/sleepingbaby.de\/WordPress\/wp-json\/wp\/v2\/comments?post=335"}],"version-history":[{"count":9,"href":"https:\/\/sleepingbaby.de\/WordPress\/wp-json\/wp\/v2\/pages\/335\/revisions"}],"predecessor-version":[{"id":534,"href":"https:\/\/sleepingbaby.de\/WordPress\/wp-json\/wp\/v2\/pages\/335\/revisions\/534"}],"wp:attachment":[{"href":"https:\/\/sleepingbaby.de\/WordPress\/wp-json\/wp\/v2\/media?parent=335"}],"curies":[{"name":"wp","href":"https:\/\/api.w.org\/{rel}","templated":true}]}}