{"id":356,"date":"2013-06-21T11:19:33","date_gmt":"2013-06-21T11:19:33","guid":{"rendered":"http:\/\/sleepingbaby.de\/WordPress\/?page_id=356"},"modified":"2021-11-28T09:03:10","modified_gmt":"2021-11-28T09:03:10","slug":"produktvergleich","status":"publish","type":"page","link":"https:\/\/sleepingbaby.de\/WordPress\/produktvergleich","title":{"rendered":"Vergleich der sleepingbaby Einschlafhilfe mit Baby-H\u00e4ngematten f\u00fcr Babys"},"content":{"rendered":"<ul>\n<li>Deutlich <strong>g\u00fcnstiger<\/strong> <strong>als die bekannten, gefederten\u00a0Baby-H\u00e4ngematten und das notwendige\u00a0Befestigungs-Set <\/strong>(Deckenhaken inklusive\u00a0D\u00fcbel oder T\u00fcrreck)<strong>\u00a0ist im Grundpreis inbegriffen. <\/strong><em>(Bei einigen\u00a0Baby-H\u00e4ngematten ist weder die Stahlfeder noch das Befestigungs-Set im Grundpreis inbegriffen und muss extra dazu\u00a0gekauft\u00a0werden.<strong>\u00a0<\/strong><\/em><em>Preise f\u00fcr Baby-H\u00e4ngematten mit Stahlfeder liegen zwischen EUR 110.- und 160.-)<\/em><\/li>\n<\/ul>\n<ul>\n<li>Die Feder der sleepingbaby Einschlafhilfe und Beruhigungshilfe <strong>schaukelt \u00e4usserst sanft und gleichm\u00e4ssig<\/strong>\u00a0<strong>bereits ab 2.5kg K\u00f6rpergewicht<\/strong>.<br \/>\n<em><em><em><em><em><em>(wir haben diverse Baby-H\u00e4ngematten getestet und waren ziemlich erstaunt, dass gerade bei neugeborenen Babys das Schaukeln nur sehr begrenzt m\u00f6glich war)<\/em><\/em><\/em><\/em><\/em><\/em><\/li>\n<\/ul>\n<ul>\n<li><strong>Freie Sicht<\/strong> <strong>Ihres Babys auf die Umwelt.<\/strong> Es kann jederzeit Blickkontakt zu Ihnen aufnehmen. Gerade auch <strong>deshalb<\/strong> <strong>schaukeln viele \u00e4ltere Babys gerne<\/strong> mit der sleepingbaby Einschlafhilfe.<em> (in den herk\u00f6mmlichen Baby-H\u00e4ngematten kann Ihr Baby die Umgebung praktisch nicht wahrnehmen, da es von allen <\/em><em><em><em><em><em><em>Seiten umschlossen ist; aus diesem Grund wollen viele Babys ab dem Alter von ca. 3-4 Monaten nicht mehr in die H\u00e4ngematte)<\/em><\/em><\/em><\/em><\/em><\/em><\/li>\n<\/ul>\n<ul>\n<li>Durch den Autobabysitz <strong>ist Ihr Baby<\/strong> <strong>rundum sicher gesch\u00fctzt<\/strong>. Ausserdem k\u00f6nnen Sie Ihr <strong>Baby mit den Gurten sicher befestigen<\/strong>. So k\u00f6nnen spielende Kinder oder Haustiere, die zuf\u00e4llig an den aufgeh\u00e4ngten Autobabysitz anstossen, Ihr Baby nicht verletzen.<br \/>\n<em>(Gerade \u00e4ltere Geschwister kommen ab und zu auf die Idee im Vorbeigehen der H\u00e4ngematte einen Schubs zu geben. Baby-H\u00e4ngematten sind aber weich und Ihr Baby ist deshalb darin nicht besonders gut gesch\u00fctzt. Auch fehlen bei einigen Baby-H\u00e4ngematten Befestigungsgurte.)<\/em><\/li>\n<\/ul>\n<ul>\n<li><strong>Kleine und leichte Konstruktion:<\/strong>\u00a0Die sleepingbaby Einschlafhilfe und Beruhigungshilfe ist <strong>klein und handlich<\/strong> um sie auf Besuch oder Reisen mitzunehmen.<br \/>\n<em><em><em><em><em><em>(die meisten Baby-H\u00e4ngematten sind ziemlich sperrig, da sie zum Aufspannen der H\u00e4ngematte einen Holzstab ben\u00f6tigen)<\/em><\/em><\/em><\/em><\/em><\/em><\/li>\n<\/ul>\n<ul>\n<li><strong>Probieren Sie die sleepingbaby Einschlafhilfe und Beruhigungshilfe 10 Tage unverbindlich aus<\/strong> um sich von Ihrer Wirkung \u00fcberzeugen zu lassen.<br \/>\n<em><em>(Wir sind \u00fcberzeugt von unserem Produkt! Deshalb m\u00f6chten wir Ihnen die M\u00f6glichkeit geben dieses risikolos zu testen, damit auch Sie viele ruhige Stunden f\u00fcr sich gewinnen k\u00f6nnen)<\/em><\/em><\/li>\n<\/ul>\n<ul>\n<li><a title=\"Kundenfeedbacks\" href=\"http:\/\/sleepingbaby.de\/WordPress\/?page_id=197\">Was Familien zu sleepingbaby sagen<\/a><\/li>\n<\/ul>\n<p><a title=\"Kaufen\" href=\"https:\/\/sleepingbaby.de\/WordPress\/direkt-und-sicher-bestellen\"><strong>Hier gehts zur Bestellung der sleepingbaby Einschlafhilfe.<\/strong><\/a><\/p>\n","protected":false},"excerpt":{"rendered":"<p>Deutlich g\u00fcnstiger als die bekannten, gefederten\u00a0Baby-H\u00e4ngematten und das notwendige\u00a0Befestigungs-Set (Deckenhaken inklusive\u00a0D\u00fcbel oder T\u00fcrreck)\u00a0ist im Grundpreis inbegriffen. (Bei einigen\u00a0Baby-H\u00e4ngematten ist weder die Stahlfeder noch das Befestigungs-Set im Grundpreis inbegriffen und muss extra dazu\u00a0gekauft\u00a0werden.\u00a0Preise f\u00fcr Baby-H\u00e4ngematten mit Stahlfeder liegen zwischen EUR 110.- und 160.-) Die Feder der sleepingbaby Einschlafhilfe und Beruhigungshilfe schaukelt \u00e4usserst sanft und gleichm\u00e4ssig\u00a0bereits ab [&hellip;]<\/p>\n","protected":false},"author":1,"featured_media":0,"parent":0,"menu_order":0,"comment_status":"closed","ping_status":"closed","template":"","meta":{"footnotes":""},"class_list":["post-356","page","type-page","status-publish","hentry"],"_links":{"self":[{"href":"https:\/\/sleepingbaby.de\/WordPress\/wp-json\/wp\/v2\/pages\/356","targetHints":{"allow":["GET"]}}],"collection":[{"href":"https:\/\/sleepingbaby.de\/WordPress\/wp-json\/wp\/v2\/pages"}],"about":[{"href":"https:\/\/sleepingbaby.de\/WordPress\/wp-json\/wp\/v2\/types\/page"}],"author":[{"embeddable":true,"href":"https:\/\/sleepingbaby.de\/WordPress\/wp-json\/wp\/v2\/users\/1"}],"replies":[{"embeddable":true,"href":"https:\/\/sleepingbaby.de\/WordPress\/wp-json\/wp\/v2\/comments?post=356"}],"version-history":[{"count":18,"href":"https:\/\/sleepingbaby.de\/WordPress\/wp-json\/wp\/v2\/pages\/356\/revisions"}],"predecessor-version":[{"id":937,"href":"https:\/\/sleepingbaby.de\/WordPress\/wp-json\/wp\/v2\/pages\/356\/revisions\/937"}],"wp:attachment":[{"href":"https:\/\/sleepingbaby.de\/WordPress\/wp-json\/wp\/v2\/media?parent=356"}],"curies":[{"name":"wp","href":"https:\/\/api.w.org\/{rel}","templated":true}]}}