{"id":4,"date":"2013-05-28T21:26:44","date_gmt":"2013-05-28T21:26:44","guid":{"rendered":"http:\/\/sleepingbaby.de\/WordPress\/?page_id=4"},"modified":"2022-05-21T18:19:39","modified_gmt":"2022-05-21T18:19:39","slug":"willkommen-bei-sleepingbaby-de","status":"publish","type":"page","link":"https:\/\/sleepingbaby.de\/WordPress\/","title":{"rendered":"G\u00f6nnen Sie sich etwas Entspannung mit einem ruhigen und zufriedenen Baby!"},"content":{"rendered":"\n<p>Ist Ihnen auch schon aufgefallen, wie schnell sich Ihr quengelndes Baby beim Autofahren&nbsp; entspannt und dabei h\u00e4ufig auch friedlich einschl\u00e4ft?<\/p>\n\n\n\n<p><strong>Erzeugen Sie diese Beruhigungswirkung<\/strong> <strong>mit unserer Babyschaukel f\u00fcr den Maxi-Cosi direkt in Ihrem Zuhause und freuen Sie sich \u00fcber ein ruhiges und zufriedenes Baby!<\/strong> Ideal um Zwischendurch eine wohlverdiente Pause zu geniessen oder einfach nur mal ungest\u00f6rt zu essen, zu duschen, den Supermarkt-Einkauf zu verr\u00e4umen usw&#8230;<\/p>\n\n\n\n<p><strong>Autobabysitz (z.B. Maxi-Cosi) an unsere Babyschaukel und Einschlafhilfe &#8222;sleepingbaby&#8220; anh\u00e4ngen<\/strong> <strong>und ein gl\u00fcckliches Baby geniessen!<\/strong> <strong>Nur EUR 77.83 inklusive Befestigungs-Set, einfach installieren und direkt loslegen!<\/strong><\/p>\n\n\n\n<div class=\"wp-block-buttons is-content-justification-center is-layout-flex wp-container-core-buttons-is-layout-16018d1d wp-block-buttons-is-layout-flex\">\n<div class=\"wp-block-button is-style-outline is-style-outline--1\"><a class=\"wp-block-button__link\" href=\"https:\/\/sleepingbaby.de\/WordPress\/direkt-und-sicher-bestellen\">HIER direkt bestellen (100% zufrieden oder Geld zur\u00fcck!)<\/a><\/div>\n<\/div>\n\n\n\n<div style=\"height:20px\" aria-hidden=\"true\" class=\"wp-block-spacer\"><\/div>\n\n\n\n<figure class=\"wp-block-embed is-type-video is-provider-youtube wp-block-embed-youtube wp-embed-aspect-4-3 wp-has-aspect-ratio\"><div class=\"wp-block-embed__wrapper\">\n<iframe loading=\"lazy\"  id=\"_ytid_88218\"  width=\"625\" height=\"469\"  data-origwidth=\"625\" data-origheight=\"469\" src=\"https:\/\/www.youtube.com\/embed\/g5Dmf7Roows?enablejsapi=1&#038;autoplay=0&#038;cc_load_policy=0&#038;cc_lang_pref=&#038;iv_load_policy=1&#038;loop=0&#038;rel=0&#038;fs=1&#038;playsinline=0&#038;autohide=2&#038;hl=de_DE&#038;theme=dark&#038;color=red&#038;controls=1&#038;disablekb=0&#038;\" class=\"__youtube_prefs__  epyt-is-override  no-lazyload\" title=\"YouTube player\"  allow=\"fullscreen; accelerometer; autoplay; clipboard-write; encrypted-media; gyroscope; picture-in-picture; web-share\" referrerpolicy=\"strict-origin-when-cross-origin\" allowfullscreen data-no-lazy=\"1\" data-skipgform_ajax_framebjll=\"\"><\/iframe>\n<\/div><\/figure>\n\n\n<p>F\u00fcr <strong>sekundenschnelle und einfache Installation in jedem T\u00fcrrahmen<\/strong> bestellen Sie einfach die<strong> <a href=\"https:\/\/sleepingbaby.de\/WordPress\/direkt-und-sicher-bestellen\">Version mit T\u00fcrreck<\/a> <\/strong>(Aufpreis nur EUR 22.-)<\/p>\n\n\n<figure class=\"wp-block-image size-full\"><a href=\"https:\/\/sleepingbaby.de\/WordPress\/wp-content\/uploads\/2013\/05\/Baby-und-Eltern-sind-gl\u00fccklich-Vers-Paint.png\"><img loading=\"lazy\" decoding=\"async\" width=\"945\" height=\"333\" src=\"https:\/\/sleepingbaby.de\/WordPress\/wp-content\/uploads\/2013\/05\/Baby-und-Eltern-sind-gl\u00fccklich-Vers-Paint.png\" alt=\"\" class=\"wp-image-689\" srcset=\"https:\/\/sleepingbaby.de\/WordPress\/wp-content\/uploads\/2013\/05\/Baby-und-Eltern-sind-gl\u00fccklich-Vers-Paint.png 945w, https:\/\/sleepingbaby.de\/WordPress\/wp-content\/uploads\/2013\/05\/Baby-und-Eltern-sind-gl\u00fccklich-Vers-Paint-300x106.png 300w, https:\/\/sleepingbaby.de\/WordPress\/wp-content\/uploads\/2013\/05\/Baby-und-Eltern-sind-gl\u00fccklich-Vers-Paint-768x271.png 768w, https:\/\/sleepingbaby.de\/WordPress\/wp-content\/uploads\/2013\/05\/Baby-und-Eltern-sind-gl\u00fccklich-Vers-Paint-624x220.png 624w\" sizes=\"auto, (max-width: 945px) 100vw, 945px\" \/><\/a><figcaption>Sleepingbaby macht Babys UND Eltern gl\u00fccklich! \ud83d\ude09<\/figcaption><\/figure>\n\n\n<p><strong>Ihre Vorteile auf einen Blick<br><\/strong><\/p>\n<ul>\n<li><strong>Ausprobieren kostet nichts: 14 Tage kostenlos und unverbindlich testen <\/strong>&#8211; einfach zur\u00fccksenden bei Nichtgefallen oder falls sich Ihr Baby wider Erwarten nicht beruhigen l\u00e4sst<\/li>\n<li><strong>Sicherer Kauf mit K\u00e4uferschutz via eBay.de inklusive Versand- und Zollkosten<\/strong>:<br>Version 1:<strong> inklusive Deckenhaken mit D\u00fcbel:<\/strong><a href=\"https:\/\/sleepingbaby.de\/WordPress\/direkt-und-sicher-bestellen\"><strong> nur EUR 77.83<\/strong><\/a><br>Version 2:<strong> inklusive T\u00fcrreck f\u00fcr maximale Flexibilit\u00e4t <\/strong>und einfachste Montage in T\u00fcrrahmen:<strong><a href=\"https:\/\/sleepingbaby.de\/WordPress\/direkt-und-sicher-bestellen\"> nur EUR 99.83<\/a><\/strong><\/li>\n<li><strong>Babyschaukel-Vorrichtung mit speziell entwickelter Stahlfeder f\u00fcr Maxi-Cosi <\/strong>und H\u00e4ngek\u00f6rbe bzw. H\u00e4ngematten, sanft schaukelnd<strong> bereits ab 2.8 kg K\u00f6rpergewicht<\/strong><strong><br><\/strong><\/li>\n<li><strong>inklusive Befestigungs-Set<\/strong> (Deckenhaken mit D\u00fcbel oder T\u00fcrreck)<\/li>\n<li><a title=\"Vergleich mit klassischen Baby-H\u00e4ngematten\" href=\"http:\/\/sleepingbaby.de\/WordPress\/produktvergleich\">Viele Vorteile im Vergleich zu klassischen Baby-H\u00e4ngematten<\/a><\/li>\n<li><strong>100% Sicherheit<\/strong> durch \u00dcberdehnungssicherung und Extra-Sicherungsseil<\/li>\n<li><strong>aktiviert den nat\u00fcrlichen Beruhigungsreflex<\/strong> von Babys<\/li>\n<li>f\u00fchrt zu <strong>markanter Stressverminderung<\/strong> <strong>bei Babys und Eltern<\/strong><\/li>\n<li><strong>speziell f\u00fcr diesen Zweck entwickelte und hergestellte Stahlfeder<\/strong> erzeugt eine optimale Schwingungsfrequenz f\u00fcr die Entspannung von Babys<\/li>\n<li><strong>inklusive \u00dcberdehnungssicherung und Extra-Sicherungsseil f\u00fcr 100% Sicherheit<\/strong><\/li>\n<li><strong>beruhigt fast alle weinenden und quengelnden Babys<\/strong> nat\u00fcrlich, schnell und sehr sanft<\/li>\n<li>beste Erfahrungen auch bei <strong>klassischen Schreibabys<\/strong> (3-Monats-Koliken)<\/li>\n<li><strong>empfohlen von diversen Kinder\u00e4rzten und Hebammen<\/strong> in der Schweiz und Deutschland<\/li>\n<li>durch den Einsatz des eigenen Auto-Babysites (z.B. Maxi-Cosi) jederzeit <strong>hygienisch und sicher<\/strong><\/li>\n<li><strong>tausendfach bew\u00e4hrtes und erfolgreiches Schweizer Produkt in Top-Qualit\u00e4t<\/strong> und entsprechendem Service direkt durch den Hersteller (2 Jahre Garantie)<\/li>\n<li>die <strong>clevere Alternative zu Baby-H\u00e4ngematten<\/strong> wie Dondolo, Babyjoe, K\u00e4ngurooh Baby-Jojo, Nonomo, Babydreamer etc.<\/li>\n<li><strong>Sparen Sie sich das stundenlange Herumtragen Ihres Babys in der Wohnung<\/strong> oder das Kinderwagenfahren um den Block und geniessen Sie dank sleepingbaby viele ruhige Stunden mit Ihrem zufriedenen Baby!<\/li>\n<\/ul>\n<div id=\"EmbedCodeBottom1_boxGetCode\">\n<div>\n<p><strong>Autobabysitz (z.B. Maxi-Cosi) an die sleepingbaby Einschlafhilfe anh\u00e4ngen und auch Ihr Baby ist zufrieden! <a title=\"Kaufen\" href=\"https:\/\/sleepingbaby.de\/WordPress\/direkt-und-sicher-bestellen\">HIER Bestellen (100% zufrieden oder Geld zur\u00fcck)<\/a><\/strong><\/p>\n<\/div>\n<\/div>","protected":false},"excerpt":{"rendered":"<p>Ist Ihnen auch schon aufgefallen, wie schnell sich Ihr quengelndes Baby beim Autofahren&nbsp; entspannt und dabei h\u00e4ufig auch friedlich einschl\u00e4ft? Erzeugen Sie diese Beruhigungswirkung mit unserer Babyschaukel f\u00fcr den Maxi-Cosi direkt in Ihrem Zuhause und freuen Sie sich \u00fcber ein ruhiges und zufriedenes Baby! Ideal um Zwischendurch eine wohlverdiente Pause zu geniessen oder einfach nur [&hellip;]<\/p>\n","protected":false},"author":1,"featured_media":0,"parent":0,"menu_order":0,"comment_status":"closed","ping_status":"closed","template":"","meta":{"footnotes":""},"class_list":["post-4","page","type-page","status-publish","hentry"],"_links":{"self":[{"href":"https:\/\/sleepingbaby.de\/WordPress\/wp-json\/wp\/v2\/pages\/4","targetHints":{"allow":["GET"]}}],"collection":[{"href":"https:\/\/sleepingbaby.de\/WordPress\/wp-json\/wp\/v2\/pages"}],"about":[{"href":"https:\/\/sleepingbaby.de\/WordPress\/wp-json\/wp\/v2\/types\/page"}],"author":[{"embeddable":true,"href":"https:\/\/sleepingbaby.de\/WordPress\/wp-json\/wp\/v2\/users\/1"}],"replies":[{"embeddable":true,"href":"https:\/\/sleepingbaby.de\/WordPress\/wp-json\/wp\/v2\/comments?post=4"}],"version-history":[{"count":115,"href":"https:\/\/sleepingbaby.de\/WordPress\/wp-json\/wp\/v2\/pages\/4\/revisions"}],"predecessor-version":[{"id":947,"href":"https:\/\/sleepingbaby.de\/WordPress\/wp-json\/wp\/v2\/pages\/4\/revisions\/947"}],"wp:attachment":[{"href":"https:\/\/sleepingbaby.de\/WordPress\/wp-json\/wp\/v2\/media?parent=4"}],"curies":[{"name":"wp","href":"https:\/\/api.w.org\/{rel}","templated":true}]}}