{"id":857,"date":"2021-11-27T14:55:49","date_gmt":"2021-11-27T14:55:49","guid":{"rendered":"https:\/\/sleepingbaby.de\/WordPress\/?page_id=857"},"modified":"2022-05-21T18:39:50","modified_gmt":"2022-05-21T18:39:50","slug":"direkt-und-sicher-bestellen","status":"publish","type":"page","link":"https:\/\/sleepingbaby.de\/WordPress\/direkt-und-sicher-bestellen","title":{"rendered":"Direkt und sicher bestellen"},"content":{"rendered":"\n<p>Als Kunde gehen Sie bei uns kein Risiko ein und profitieren von einem erstklassigen Service auch nach dem Kauf! <strong>Aufgrund des im Sommer 2021 eingef\u00fchrten internationalen IOSS Zollverfahren, wickeln wir als kleine schweizer Firma unsere Verk\u00e4ufe nach Deutschland und den Rest der EU ausschliesslich \u00fcber eBay ab.<\/strong> Bitte klicken Sie unten auf den Link um das entsprechende Produkt direkt von uns \u00fcber eBay zu kaufen (eBay-Verk\u00e4ufername &#8222;flo645&#8220;).<\/p>\n\n\n\n<p>Direkt zum Link f\u00fcr die Bestellung springen: <br><a href=\"#Kauf_Deckenhaken\">sleepingbaby mit Deckenhaken<\/a><br><a rel=\"noreferrer noopener\" href=\"#Kauf_Tuerreck\" data-type=\"internal\" data-id=\"#Kauf_Tuerreck\" target=\"_blank\">sleepingbaby mit T\u00fcrreck<br><\/a><br><strong>Profitieren Sie von folgenden Vorteilen<\/strong><\/p>\n\n\n\n<ol class=\"wp-block-list\"><li><strong>Erfolgsgarantie<\/strong>: Bei R\u00fccksendung innert 14 Tagen erstatten wir Ihnen den vollen Kaufpreis wieder zur\u00fcck<\/li><li>Der <strong>Kaufpreis versteht sich inklusive Versand und Zollkosten.<\/strong> Die Zollkosten werden mit dem neuen IOSS Verfahren direkt via eBay an die Zollbeh\u00f6rden weitergeleitet. <\/li><li><strong>Zus\u00e4tzlicher, unabh\u00e4ngiger K\u00e4uferschutz<\/strong> garantiert durch Abwicklung \u00fcber eBay<\/li><li><strong>Produkt-Garantie:<\/strong> 2 Jahre<\/li><li><strong>&#8222;Priority&#8220; Versand (versichert) inklusive Tracking-Code<\/strong> (mit Schweizer Post bzw. durch Partner in Deutschland) &#8211; bis zum Erhalt des Paketes dauert es im Durchschnitt 3-7 Werktage<\/li><\/ol>\n\n\n\n<div class=\"wp-block-columns are-vertically-aligned-top is-layout-flex wp-container-core-columns-is-layout-9d6595d7 wp-block-columns-is-layout-flex\">\n<div class=\"wp-block-column is-vertically-aligned-top is-layout-flow wp-block-column-is-layout-flow\">\n<div class=\"wp-block-buttons is-layout-flex wp-block-buttons-is-layout-flex\">\n<div class=\"wp-block-button is-style-outline is-style-outline--1\" id=\"Kauf_Deckenhaken\"><a class=\"wp-block-button__link has-white-background-color has-background\" href=\"https:\/\/www.ebay.de\/itm\/184967896891?hash=item2b10f21f3b:g:aR4AAOSwfepcQPma\" target=\"_blank\" rel=\"noreferrer noopener\"><strong>sleepingbaby inklusive Deckenhaken<\/strong> direkt bei eBay bestellen f\u00fcr <strong>EUR 77.83<\/strong> (inklusive Versandkosten \/ keine Zollkosten)<br><strong>BITTE<\/strong> <strong>HIER KLICKEN<\/strong><\/a><\/div>\n<\/div>\n\n\n\n<figure class=\"wp-block-image size-large is-resized\"><a href=\"https:\/\/sleepingbaby.de\/WordPress\/wp-content\/uploads\/2014\/05\/Babyschaukel-2.jpg\"><img loading=\"lazy\" decoding=\"async\" src=\"https:\/\/sleepingbaby.de\/WordPress\/wp-content\/uploads\/2014\/05\/Babyschaukel-2-682x1024.jpg\" alt=\"\" class=\"wp-image-458\" width=\"271\" height=\"406\" srcset=\"https:\/\/sleepingbaby.de\/WordPress\/wp-content\/uploads\/2014\/05\/Babyschaukel-2-682x1024.jpg 682w, https:\/\/sleepingbaby.de\/WordPress\/wp-content\/uploads\/2014\/05\/Babyschaukel-2-200x300.jpg 200w, https:\/\/sleepingbaby.de\/WordPress\/wp-content\/uploads\/2014\/05\/Babyschaukel-2-624x936.jpg 624w\" sizes=\"auto, (max-width: 271px) 100vw, 271px\" \/><\/a><\/figure>\n<\/div>\n\n\n\n<div class=\"wp-block-column is-vertically-aligned-top is-layout-flow wp-block-column-is-layout-flow\" id=\"Kauf_Tuerreck\">\n<div class=\"wp-block-buttons is-layout-flex wp-block-buttons-is-layout-flex\">\n<div class=\"wp-block-button is-style-outline is-style-outline--2\"><a class=\"wp-block-button__link has-white-background-color has-background\" href=\"https:\/\/www.ebay.de\/itm\/185144450096?hash=item2b1b781c30:g:aR4AAOSwfepcQPma\" target=\"_blank\" rel=\"noreferrer noopener\"><strong>sleepingbaby inklusive T\u00fcrreck<\/strong> direkt bei eBay bestellen f\u00fcr <strong>EUR 99.83<\/strong> (inklusive Versandkosten \/ keine<br> Zollkosten)<br><strong>BITTE HIER KLICKEN<\/strong><\/a><\/div>\n<\/div>\n\n\n\n<figure class=\"wp-block-image size-large is-resized is-style-default\"><a href=\"https:\/\/sleepingbaby.de\/WordPress\/wp-content\/uploads\/2021\/11\/P1030553_bearbeitet-scaled.jpg\"><img loading=\"lazy\" decoding=\"async\" src=\"https:\/\/sleepingbaby.de\/WordPress\/wp-content\/uploads\/2021\/11\/P1030553_bearbeitet-768x1024.jpg\" alt=\"\" class=\"wp-image-895\" width=\"306\" height=\"407\" srcset=\"https:\/\/sleepingbaby.de\/WordPress\/wp-content\/uploads\/2021\/11\/P1030553_bearbeitet-768x1024.jpg 768w, https:\/\/sleepingbaby.de\/WordPress\/wp-content\/uploads\/2021\/11\/P1030553_bearbeitet-225x300.jpg 225w, https:\/\/sleepingbaby.de\/WordPress\/wp-content\/uploads\/2021\/11\/P1030553_bearbeitet-1152x1536.jpg 1152w, https:\/\/sleepingbaby.de\/WordPress\/wp-content\/uploads\/2021\/11\/P1030553_bearbeitet-1536x2048.jpg 1536w, https:\/\/sleepingbaby.de\/WordPress\/wp-content\/uploads\/2021\/11\/P1030553_bearbeitet-624x832.jpg 624w, https:\/\/sleepingbaby.de\/WordPress\/wp-content\/uploads\/2021\/11\/P1030553_bearbeitet-scaled.jpg 1920w\" sizes=\"auto, (max-width: 306px) 100vw, 306px\" \/><\/a><\/figure>\n<\/div>\n<\/div>\n\n\n\n<p><\/p>\n","protected":false},"excerpt":{"rendered":"<p>Als Kunde gehen Sie bei uns kein Risiko ein und profitieren von einem erstklassigen Service auch nach dem Kauf! Aufgrund des im Sommer 2021 eingef\u00fchrten internationalen IOSS Zollverfahren, wickeln wir als kleine schweizer Firma unsere Verk\u00e4ufe nach Deutschland und den Rest der EU ausschliesslich \u00fcber eBay ab. Bitte klicken Sie unten auf den Link um [&hellip;]<\/p>\n","protected":false},"author":1,"featured_media":0,"parent":0,"menu_order":0,"comment_status":"closed","ping_status":"closed","template":"","meta":{"footnotes":""},"class_list":["post-857","page","type-page","status-publish","hentry"],"_links":{"self":[{"href":"https:\/\/sleepingbaby.de\/WordPress\/wp-json\/wp\/v2\/pages\/857","targetHints":{"allow":["GET"]}}],"collection":[{"href":"https:\/\/sleepingbaby.de\/WordPress\/wp-json\/wp\/v2\/pages"}],"about":[{"href":"https:\/\/sleepingbaby.de\/WordPress\/wp-json\/wp\/v2\/types\/page"}],"author":[{"embeddable":true,"href":"https:\/\/sleepingbaby.de\/WordPress\/wp-json\/wp\/v2\/users\/1"}],"replies":[{"embeddable":true,"href":"https:\/\/sleepingbaby.de\/WordPress\/wp-json\/wp\/v2\/comments?post=857"}],"version-history":[{"count":31,"href":"https:\/\/sleepingbaby.de\/WordPress\/wp-json\/wp\/v2\/pages\/857\/revisions"}],"predecessor-version":[{"id":941,"href":"https:\/\/sleepingbaby.de\/WordPress\/wp-json\/wp\/v2\/pages\/857\/revisions\/941"}],"wp:attachment":[{"href":"https:\/\/sleepingbaby.de\/WordPress\/wp-json\/wp\/v2\/media?parent=857"}],"curies":[{"name":"wp","href":"https:\/\/api.w.org\/{rel}","templated":true}]}}